{"id":93,"date":"2024-09-07T05:54:53","date_gmt":"2024-09-07T05:54:53","guid":{"rendered":"https:\/\/adamczyk-wycena.pl\/?page_id=93"},"modified":"2024-09-09T16:20:37","modified_gmt":"2024-09-09T16:20:37","slug":"szkolenia","status":"publish","type":"page","link":"https:\/\/adamczyk-wycena.pl\/index.php\/szkolenia\/","title":{"rendered":"Szkolenia"},"content":{"rendered":"\t\t<div data-elementor-type=\"wp-page\" data-elementor-id=\"93\" class=\"elementor elementor-93\">\n\t\t\t\t<div class=\"elementor-element elementor-element-2fb0d43 e-flex e-con-boxed e-con e-parent\" data-id=\"2fb0d43\" data-element_type=\"container\">\n\t\t\t\t\t<div class=\"e-con-inner\">\n\t\t\t\t<div class=\"elementor-element elementor-element-a12b013 elementor-widget elementor-widget-text-editor\" data-id=\"a12b013\" data-element_type=\"widget\" data-widget_type=\"text-editor.default\">\n\t\t\t\t<div class=\"elementor-widget-container\">\n\t\t\t\t\t\t\t\t\t<p>Nieruchomo\u015bci s\u0105 moj\u0105 pasj\u0105, w zwi\u0105zku z czym ca\u0142y czas kszta\u0142c\u0119 si\u0119 w tej dziedzinie poprzez liczne szkolenia i konferencje.<\/p>\t\t\t\t\t\t\t\t<\/div>\n\t\t\t\t<\/div>\n\t\t\t\t\t<\/div>\n\t\t\t\t<\/div>\n\t\t<div class=\"elementor-element elementor-element-5f6c1690 e-flex e-con-boxed e-con e-parent\" data-id=\"5f6c1690\" data-element_type=\"container\">\n\t\t\t\t\t<div class=\"e-con-inner\">\n\t\t\t\t<div class=\"elementor-element elementor-element-60a5f25 elementor-widget elementor-widget-text-editor\" data-id=\"60a5f25\" data-element_type=\"widget\" data-widget_type=\"text-editor.default\">\n\t\t\t\t<div class=\"elementor-widget-container\">\n\t\t\t\t\t\t\t\t\t\n<figure class=\"wp-block-image size-large\"><img fetchpriority=\"high\" decoding=\"async\" width=\"737\" height=\"1024\" src=\"https:\/\/adamczyk-wycena.pl\/wp-content\/uploads\/2024\/09\/22905021_1437523909649735_6234743302983423537_o-737x1024.jpg\" alt=\"\" class=\"wp-image-94\" srcset=\"https:\/\/adamczyk-wycena.pl\/wp-content\/uploads\/2024\/09\/22905021_1437523909649735_6234743302983423537_o-737x1024.jpg 737w, https:\/\/adamczyk-wycena.pl\/wp-content\/uploads\/2024\/09\/22905021_1437523909649735_6234743302983423537_o-216x300.jpg 216w, https:\/\/adamczyk-wycena.pl\/wp-content\/uploads\/2024\/09\/22905021_1437523909649735_6234743302983423537_o-768x1068.jpg 768w, https:\/\/adamczyk-wycena.pl\/wp-content\/uploads\/2024\/09\/22905021_1437523909649735_6234743302983423537_o-1105x1536.jpg 1105w, https:\/\/adamczyk-wycena.pl\/wp-content\/uploads\/2024\/09\/22905021_1437523909649735_6234743302983423537_o.jpg 1473w\" sizes=\"(max-width: 737px) 100vw, 737px\" \/><\/figure>\n\n\n\n<figure class=\"wp-block-image size-large\"><img decoding=\"async\" width=\"740\" height=\"1024\" src=\"https:\/\/adamczyk-wycena.pl\/wp-content\/uploads\/2024\/09\/61358113_2155166467885472_801844151913021440_n-740x1024.jpg\" alt=\"\" class=\"wp-image-95\" srcset=\"https:\/\/adamczyk-wycena.pl\/wp-content\/uploads\/2024\/09\/61358113_2155166467885472_801844151913021440_n-740x1024.jpg 740w, https:\/\/adamczyk-wycena.pl\/wp-content\/uploads\/2024\/09\/61358113_2155166467885472_801844151913021440_n-217x300.jpg 217w, https:\/\/adamczyk-wycena.pl\/wp-content\/uploads\/2024\/09\/61358113_2155166467885472_801844151913021440_n-768x1063.jpg 768w, https:\/\/adamczyk-wycena.pl\/wp-content\/uploads\/2024\/09\/61358113_2155166467885472_801844151913021440_n-1110x1536.jpg 1110w, https:\/\/adamczyk-wycena.pl\/wp-content\/uploads\/2024\/09\/61358113_2155166467885472_801844151913021440_n.jpg 1478w\" sizes=\"(max-width: 706px) 89vw, (max-width: 767px) 82vw, 740px\" \/><\/figure>\n\n\n\n<figure class=\"wp-block-image size-large\"><img decoding=\"async\" width=\"736\" height=\"1024\" src=\"https:\/\/adamczyk-wycena.pl\/wp-content\/uploads\/2024\/09\/22859904_1437523409649785_1366517706511056058_o-736x1024.jpg\" alt=\"\" class=\"wp-image-96\" srcset=\"https:\/\/adamczyk-wycena.pl\/wp-content\/uploads\/2024\/09\/22859904_1437523409649785_1366517706511056058_o-736x1024.jpg 736w, https:\/\/adamczyk-wycena.pl\/wp-content\/uploads\/2024\/09\/22859904_1437523409649785_1366517706511056058_o-215x300.jpg 215w, https:\/\/adamczyk-wycena.pl\/wp-content\/uploads\/2024\/09\/22859904_1437523409649785_1366517706511056058_o-768x1069.jpg 768w, https:\/\/adamczyk-wycena.pl\/wp-content\/uploads\/2024\/09\/22859904_1437523409649785_1366517706511056058_o-1103x1536.jpg 1103w, https:\/\/adamczyk-wycena.pl\/wp-content\/uploads\/2024\/09\/22859904_1437523409649785_1366517706511056058_o.jpg 1471w\" sizes=\"(max-width: 736px) 100vw, 736px\" \/><\/figure>\n\n\n\n<figure class=\"wp-block-image size-large\"><img loading=\"lazy\" decoding=\"async\" width=\"745\" height=\"1024\" src=\"https:\/\/adamczyk-wycena.pl\/wp-content\/uploads\/2024\/09\/30226091_1592109197524538_7948547476212940800_n-745x1024.jpg\" alt=\"\" class=\"wp-image-97\" srcset=\"https:\/\/adamczyk-wycena.pl\/wp-content\/uploads\/2024\/09\/30226091_1592109197524538_7948547476212940800_n-745x1024.jpg 745w, https:\/\/adamczyk-wycena.pl\/wp-content\/uploads\/2024\/09\/30226091_1592109197524538_7948547476212940800_n-218x300.jpg 218w, https:\/\/adamczyk-wycena.pl\/wp-content\/uploads\/2024\/09\/30226091_1592109197524538_7948547476212940800_n-768x1056.jpg 768w, https:\/\/adamczyk-wycena.pl\/wp-content\/uploads\/2024\/09\/30226091_1592109197524538_7948547476212940800_n.jpg 849w\" sizes=\"(max-width: 706px) 89vw, (max-width: 767px) 82vw, 740px\" \/><\/figure>\n\n\n\n<figure class=\"wp-block-image size-large\"><img loading=\"lazy\" decoding=\"async\" width=\"744\" height=\"1024\" src=\"https:\/\/adamczyk-wycena.pl\/wp-content\/uploads\/2024\/09\/32925680_1636708056397985_1818440461082165248_n-744x1024.jpg\" alt=\"\" class=\"wp-image-98\" srcset=\"https:\/\/adamczyk-wycena.pl\/wp-content\/uploads\/2024\/09\/32925680_1636708056397985_1818440461082165248_n-744x1024.jpg 744w, https:\/\/adamczyk-wycena.pl\/wp-content\/uploads\/2024\/09\/32925680_1636708056397985_1818440461082165248_n-218x300.jpg 218w, https:\/\/adamczyk-wycena.pl\/wp-content\/uploads\/2024\/09\/32925680_1636708056397985_1818440461082165248_n-768x1057.jpg 768w, https:\/\/adamczyk-wycena.pl\/wp-content\/uploads\/2024\/09\/32925680_1636708056397985_1818440461082165248_n.jpg 849w\" sizes=\"(max-width: 706px) 89vw, (max-width: 767px) 82vw, 740px\" \/><\/figure>\n\n\n\n<figure class=\"wp-block-image size-large\"><img loading=\"lazy\" decoding=\"async\" width=\"748\" height=\"1024\" src=\"https:\/\/adamczyk-wycena.pl\/wp-content\/uploads\/2024\/09\/46804781_1889848491083939_6642836671874203648_n-748x1024.jpg\" alt=\"\" class=\"wp-image-99\" srcset=\"https:\/\/adamczyk-wycena.pl\/wp-content\/uploads\/2024\/09\/46804781_1889848491083939_6642836671874203648_n-748x1024.jpg 748w, https:\/\/adamczyk-wycena.pl\/wp-content\/uploads\/2024\/09\/46804781_1889848491083939_6642836671874203648_n-219x300.jpg 219w, https:\/\/adamczyk-wycena.pl\/wp-content\/uploads\/2024\/09\/46804781_1889848491083939_6642836671874203648_n-768x1051.jpg 768w, https:\/\/adamczyk-wycena.pl\/wp-content\/uploads\/2024\/09\/46804781_1889848491083939_6642836671874203648_n-1122x1536.jpg 1122w, https:\/\/adamczyk-wycena.pl\/wp-content\/uploads\/2024\/09\/46804781_1889848491083939_6642836671874203648_n.jpg 1481w\" sizes=\"(max-width: 706px) 89vw, (max-width: 767px) 82vw, 740px\" \/><\/figure>\n\n\n\n<figure class=\"wp-block-image size-large\"><img loading=\"lazy\" decoding=\"async\" width=\"714\" height=\"1024\" src=\"https:\/\/adamczyk-wycena.pl\/wp-content\/uploads\/2024\/09\/58419966_2101306299938156_9028197813707603968_n-714x1024.jpg\" alt=\"\" class=\"wp-image-100\" srcset=\"https:\/\/adamczyk-wycena.pl\/wp-content\/uploads\/2024\/09\/58419966_2101306299938156_9028197813707603968_n-714x1024.jpg 714w, https:\/\/adamczyk-wycena.pl\/wp-content\/uploads\/2024\/09\/58419966_2101306299938156_9028197813707603968_n-209x300.jpg 209w, https:\/\/adamczyk-wycena.pl\/wp-content\/uploads\/2024\/09\/58419966_2101306299938156_9028197813707603968_n-768x1101.jpg 768w, https:\/\/adamczyk-wycena.pl\/wp-content\/uploads\/2024\/09\/58419966_2101306299938156_9028197813707603968_n-1072x1536.jpg 1072w, https:\/\/adamczyk-wycena.pl\/wp-content\/uploads\/2024\/09\/58419966_2101306299938156_9028197813707603968_n.jpg 1426w\" sizes=\"(max-width: 714px) 100vw, 714px\" \/><\/figure>\n\n\n\n<figure class=\"wp-block-image size-large\"><img loading=\"lazy\" decoding=\"async\" width=\"748\" height=\"1024\" src=\"https:\/\/adamczyk-wycena.pl\/wp-content\/uploads\/2024\/09\/61628267_2155165734552212_4255125083418263552_n-748x1024.jpg\" alt=\"\" class=\"wp-image-101\" srcset=\"https:\/\/adamczyk-wycena.pl\/wp-content\/uploads\/2024\/09\/61628267_2155165734552212_4255125083418263552_n-748x1024.jpg 748w, https:\/\/adamczyk-wycena.pl\/wp-content\/uploads\/2024\/09\/61628267_2155165734552212_4255125083418263552_n-219x300.jpg 219w, https:\/\/adamczyk-wycena.pl\/wp-content\/uploads\/2024\/09\/61628267_2155165734552212_4255125083418263552_n-768x1052.jpg 768w, https:\/\/adamczyk-wycena.pl\/wp-content\/uploads\/2024\/09\/61628267_2155165734552212_4255125083418263552_n-1121x1536.jpg 1121w, https:\/\/adamczyk-wycena.pl\/wp-content\/uploads\/2024\/09\/61628267_2155165734552212_4255125083418263552_n.jpg 1488w\" sizes=\"(max-width: 706px) 89vw, (max-width: 767px) 82vw, 740px\" \/><\/figure>\n\n\n\n<figure class=\"wp-block-image size-large\"><img loading=\"lazy\" decoding=\"async\" width=\"725\" height=\"1024\" src=\"https:\/\/adamczyk-wycena.pl\/wp-content\/uploads\/2024\/09\/175635372_3832868943448541_7884662105455746430_n-725x1024.jpg\" alt=\"\" class=\"wp-image-102\" srcset=\"https:\/\/adamczyk-wycena.pl\/wp-content\/uploads\/2024\/09\/175635372_3832868943448541_7884662105455746430_n-725x1024.jpg 725w, https:\/\/adamczyk-wycena.pl\/wp-content\/uploads\/2024\/09\/175635372_3832868943448541_7884662105455746430_n-212x300.jpg 212w, https:\/\/adamczyk-wycena.pl\/wp-content\/uploads\/2024\/09\/175635372_3832868943448541_7884662105455746430_n-768x1085.jpg 768w, https:\/\/adamczyk-wycena.pl\/wp-content\/uploads\/2024\/09\/175635372_3832868943448541_7884662105455746430_n-1087x1536.jpg 1087w, https:\/\/adamczyk-wycena.pl\/wp-content\/uploads\/2024\/09\/175635372_3832868943448541_7884662105455746430_n.jpg 1448w\" sizes=\"(max-width: 725px) 100vw, 725px\" \/><\/figure>\n\n\n\n<figure class=\"wp-block-image size-large\"><img loading=\"lazy\" decoding=\"async\" width=\"724\" height=\"1024\" src=\"https:\/\/adamczyk-wycena.pl\/wp-content\/uploads\/2024\/09\/289270870_5112328405502582_6073205333008528367_n-724x1024.jpg\" alt=\"\" class=\"wp-image-103\" srcset=\"https:\/\/adamczyk-wycena.pl\/wp-content\/uploads\/2024\/09\/289270870_5112328405502582_6073205333008528367_n-724x1024.jpg 724w, https:\/\/adamczyk-wycena.pl\/wp-content\/uploads\/2024\/09\/289270870_5112328405502582_6073205333008528367_n-212x300.jpg 212w, https:\/\/adamczyk-wycena.pl\/wp-content\/uploads\/2024\/09\/289270870_5112328405502582_6073205333008528367_n-768x1086.jpg 768w, https:\/\/adamczyk-wycena.pl\/wp-content\/uploads\/2024\/09\/289270870_5112328405502582_6073205333008528367_n-1086x1536.jpg 1086w, https:\/\/adamczyk-wycena.pl\/wp-content\/uploads\/2024\/09\/289270870_5112328405502582_6073205333008528367_n.jpg 1448w\" sizes=\"(max-width: 724px) 100vw, 724px\" \/><\/figure>\n\n\n\n<figure class=\"wp-block-image size-full\"><img loading=\"lazy\" decoding=\"async\" width=\"678\" height=\"960\" src=\"https:\/\/adamczyk-wycena.pl\/wp-content\/uploads\/2024\/09\/349455189_796097331738187_2462196044037576036_n.jpg\" alt=\"\" class=\"wp-image-104\" srcset=\"https:\/\/adamczyk-wycena.pl\/wp-content\/uploads\/2024\/09\/349455189_796097331738187_2462196044037576036_n.jpg 678w, https:\/\/adamczyk-wycena.pl\/wp-content\/uploads\/2024\/09\/349455189_796097331738187_2462196044037576036_n-212x300.jpg 212w\" sizes=\"(max-width: 678px) 100vw, 678px\" \/><\/figure>\n\n\n\n<figure class=\"wp-block-image size-large\"><img loading=\"lazy\" decoding=\"async\" width=\"724\" height=\"1024\" src=\"https:\/\/adamczyk-wycena.pl\/wp-content\/uploads\/2024\/09\/394668096_1201316410783574_7136284420711349769_n-724x1024.jpg\" alt=\"\" class=\"wp-image-105\" srcset=\"https:\/\/adamczyk-wycena.pl\/wp-content\/uploads\/2024\/09\/394668096_1201316410783574_7136284420711349769_n-724x1024.jpg 724w, https:\/\/adamczyk-wycena.pl\/wp-content\/uploads\/2024\/09\/394668096_1201316410783574_7136284420711349769_n-212x300.jpg 212w, https:\/\/adamczyk-wycena.pl\/wp-content\/uploads\/2024\/09\/394668096_1201316410783574_7136284420711349769_n-768x1087.jpg 768w, https:\/\/adamczyk-wycena.pl\/wp-content\/uploads\/2024\/09\/394668096_1201316410783574_7136284420711349769_n-1085x1536.jpg 1085w, https:\/\/adamczyk-wycena.pl\/wp-content\/uploads\/2024\/09\/394668096_1201316410783574_7136284420711349769_n.jpg 1447w\" sizes=\"(max-width: 724px) 100vw, 724px\" \/><\/figure>\n\n\n\n<figure class=\"wp-block-image size-large\"><img loading=\"lazy\" decoding=\"async\" width=\"724\" height=\"1024\" src=\"https:\/\/adamczyk-wycena.pl\/wp-content\/uploads\/2024\/09\/395213082_1201353770779838_2763943557878913401_n-724x1024.jpg\" alt=\"\" class=\"wp-image-106\" srcset=\"https:\/\/adamczyk-wycena.pl\/wp-content\/uploads\/2024\/09\/395213082_1201353770779838_2763943557878913401_n-724x1024.jpg 724w, https:\/\/adamczyk-wycena.pl\/wp-content\/uploads\/2024\/09\/395213082_1201353770779838_2763943557878913401_n-212x300.jpg 212w, https:\/\/adamczyk-wycena.pl\/wp-content\/uploads\/2024\/09\/395213082_1201353770779838_2763943557878913401_n-768x1086.jpg 768w, https:\/\/adamczyk-wycena.pl\/wp-content\/uploads\/2024\/09\/395213082_1201353770779838_2763943557878913401_n-1086x1536.jpg 1086w, https:\/\/adamczyk-wycena.pl\/wp-content\/uploads\/2024\/09\/395213082_1201353770779838_2763943557878913401_n.jpg 1448w\" sizes=\"(max-width: 724px) 100vw, 724px\" \/><\/figure>\n\n\n\n<p><\/p>\n\t\t\t\t\t\t\t\t<\/div>\n\t\t\t\t<\/div>\n\t\t\t\t\t<\/div>\n\t\t\t\t<\/div>\n\t\t\t\t<\/div>\n\t\t","protected":false},"excerpt":{"rendered":"<p>Nieruchomo\u015bci s\u0105 moj\u0105 pasj\u0105, w zwi\u0105zku z czym ca\u0142y czas kszta\u0142c\u0119 si\u0119 w tej dziedzinie poprzez liczne szkolenia i konferencje.<\/p>\n","protected":false},"author":1,"featured_media":0,"parent":0,"menu_order":0,"comment_status":"closed","ping_status":"closed","template":"","meta":{"_monsterinsights_skip_tracking":false,"_monsterinsights_sitenote_active":false,"_monsterinsights_sitenote_note":"","_monsterinsights_sitenote_category":0,"footnotes":""},"class_list":["post-93","page","type-page","status-publish","hentry"],"aioseo_notices":[],"_links":{"self":[{"href":"https:\/\/adamczyk-wycena.pl\/index.php\/wp-json\/wp\/v2\/pages\/93","targetHints":{"allow":["GET"]}}],"collection":[{"href":"https:\/\/adamczyk-wycena.pl\/index.php\/wp-json\/wp\/v2\/pages"}],"about":[{"href":"https:\/\/adamczyk-wycena.pl\/index.php\/wp-json\/wp\/v2\/types\/page"}],"author":[{"embeddable":true,"href":"https:\/\/adamczyk-wycena.pl\/index.php\/wp-json\/wp\/v2\/users\/1"}],"replies":[{"embeddable":true,"href":"https:\/\/adamczyk-wycena.pl\/index.php\/wp-json\/wp\/v2\/comments?post=93"}],"version-history":[{"count":7,"href":"https:\/\/adamczyk-wycena.pl\/index.php\/wp-json\/wp\/v2\/pages\/93\/revisions"}],"predecessor-version":[{"id":253,"href":"https:\/\/adamczyk-wycena.pl\/index.php\/wp-json\/wp\/v2\/pages\/93\/revisions\/253"}],"wp:attachment":[{"href":"https:\/\/adamczyk-wycena.pl\/index.php\/wp-json\/wp\/v2\/media?parent=93"}],"curies":[{"name":"wp","href":"https:\/\/api.w.org\/{rel}","templated":true}]}}