{"id":17,"date":"2024-09-06T16:30:06","date_gmt":"2024-09-06T16:30:06","guid":{"rendered":"https:\/\/danielo1.webd.pl\/?page_id=17"},"modified":"2024-09-09T15:22:41","modified_gmt":"2024-09-09T15:22:41","slug":"strona-glowna","status":"publish","type":"page","link":"https:\/\/adamczyk-wycena.pl\/","title":{"rendered":"Strona g\u0142\u00f3wna"},"content":{"rendered":"\t\t<div data-elementor-type=\"wp-page\" data-elementor-id=\"17\" class=\"elementor elementor-17\">\n\t\t\t\t<div class=\"elementor-element elementor-element-bcd7684 e-con-full e-flex e-con e-parent\" data-id=\"bcd7684\" data-element_type=\"container\">\n\t\t\t\t<div class=\"elementor-element elementor-element-5b3a4712 elementor-widget__width-initial elementor-widget elementor-widget-text-editor\" data-id=\"5b3a4712\" data-element_type=\"widget\" data-widget_type=\"text-editor.default\">\n\t\t\t\t<div class=\"elementor-widget-container\">\n\t\t\t\t\t\t\t\t\t\n<p class=\"has-text-align-left\" style=\"text-align: justify;\">Jako rzeczoznawca maj\u0105tkowy \u015bwiadcz\u0119 us\u0142ugi w zakresie wyceny nieruchomo\u015bci oraz ruchomo\u015bci (czyli maszyn i urz\u0105dze\u0144) na terenie Inowroc\u0142awia i okolic (Kruszwica, Janikowo, D\u0105browa Biskupia, Gniewkowo, Pako\u015b\u0107), jak r\u00f3wnie\u017c na terenie powiat\u00f3w: radziejowskiego i mogile\u0144skiego tj. (Radziej\u00f3w, Piotrk\u00f3w Kujawski, Osi\u0119ciny, Mogilno, Strzelno i okolice)\u00a0 w\u0142oc\u0142awskiego, aleksandrowskiego tj. (W\u0142oc\u0142awek, Brze\u015b\u0107 Kujawski, Ciechocinek, Aleksandr\u00f3w Kujawski, Top\u00f3lka, Izbica Kujawska) oraz kolskiego (Babiak,Ko\u0142o), koni\u0144skiego (Konin, \u015alesin) i bydgoskiego. Posiadam uprawnienia Rzeczoznawcy Maj\u0105tkowego nr 6997 nadane przez Ministra Infrastruktury i Budownictwa.<\/p>\n\n<p><strong><em>Oferowane us\u0142ugi: <\/em><\/strong><\/p>\n\n<ul class=\"wp-block-list\">\n<li>wycena dzia\u0142ki niezabudowanej,<\/li>\n\n<li>wycena dzia\u0142ki inwestycyjnej,<\/li>\n\n<li>wycena dzia\u0142ki rolnej,<\/li>\n\n<li>wycena domu,<\/li>\n\n<li>wycena mieszkania,<\/li>\n\n<li>wycena s\u0142u\u017cebno\u015bci gruntowych,<\/li>\n\n<li>wycena s\u0142u\u017cebno\u015bci przesy\u0142u,<\/li>\n\n<li>wycena ruchomo\u015bci,\u00a0<\/li>\n<li>inne;<\/li>\n<\/ul>\n\n<p class=\"has-text-align-left\"><strong><em>Opinie o rzeczoznawcy<\/em><\/strong><\/p>\n\n<p><a href=\"https:\/\/www.pkt.pl\/firma\/glob-nieruchomosci-daniel-adamczyk-7015140#reviews\" data-type=\"link\" data-id=\"https:\/\/www.pkt.pl\/firma\/glob-nieruchomosci-daniel-adamczyk-7015140#reviews\" target=\"_blank\" rel=\"noopener\">https:\/\/www.pkt.pl\/firma\/glob-nieruchomosci-daniel-adamczyk-7015140#reviews<\/a><\/p>\n\n<p><strong>O firmie<\/strong><\/p>\n\n<p class=\"has-text-align-left\" style=\"text-align: justify;\"><em>Od 2017 roku prowadz\u0119 firm\u0119 Glob Nieruchomo\u015bci Rzeczoznawca Maj\u0105tkowy Daniel Adamczyk, kt\u00f3rej fundamentem jest moje wieloletnie do\u015bwiadczenie w dziedzinie wyceny nieruchomo\u015bci i ruchomo\u015bci. Firma specjalizuje si\u0119 w profesjonalnej wycenie wszelkiego typu nieruchomo\u015bci, ruchomo\u015bci oraz maszyn i urz\u0105dze\u0144 trwale zwi\u0105zanych z gruntem. <\/em>Od 2018 roku jestem r\u00f3wnie\u017c bieg\u0142ym s\u0105dowym w dziedzinie szacowania nieruchomo\u015bci oraz ruchomo\u015bci. Wsp\u00f3\u0142pracuj\u0119 zar\u00f3wno z instytucjami prywatnymi jak r\u00f3wnie\u017c z wieloma s\u0105dami rejonowymi i okr\u0119gowymi, kancelariami komorniczymi, notarialnymi, prawniczymi. Od 2017 roku nale\u017c\u0119 do Polskiego Stowarzyszenia Rzeczoznawc\u00f3w Wyceny Nieruchomo\u015bci im. prof. Andrzeja Hopfera Oddzia\u0142 we W\u0142oc\u0142awku.<\/p>\n\n<figure class=\"wp-block-image size-full\"><img fetchpriority=\"high\" decoding=\"async\" width=\"385\" height=\"153\" class=\"wp-image-176\" src=\"https:\/\/adamczyk-wycena.pl\/wp-content\/uploads\/2024\/09\/unnamed-2.png\" alt=\"\" srcset=\"https:\/\/adamczyk-wycena.pl\/wp-content\/uploads\/2024\/09\/unnamed-2.png 385w, https:\/\/adamczyk-wycena.pl\/wp-content\/uploads\/2024\/09\/unnamed-2-300x119.png 300w, https:\/\/adamczyk-wycena.pl\/wp-content\/uploads\/2024\/09\/unnamed-2-24x10.png 24w, https:\/\/adamczyk-wycena.pl\/wp-content\/uploads\/2024\/09\/unnamed-2-36x14.png 36w, https:\/\/adamczyk-wycena.pl\/wp-content\/uploads\/2024\/09\/unnamed-2-48x19.png 48w\" sizes=\"(max-width: 385px) 100vw, 385px\" \/><\/figure>\n\n<p><strong>Wycena nieruchomo\u015bci Inowroc\u0142aw<\/strong><\/p>\n\n<p><strong>Wycena nieruchomo\u015bci W\u0142oc\u0142awek<\/strong><\/p>\n\n<p><strong>Wycena nieruchomo\u015bci Mogilno<\/strong><\/p>\n\n<p><strong>Wycena nieruchomo\u015bci Aleksandr\u00f3w Kujawski<\/strong><\/p>\n\n<p><strong>Wycena nieruchomo\u015bci Radziej\u00f3w<\/strong><\/p>\n\n<p><strong>Wycena nieruchomo\u015bci Gniewkowo<\/strong><\/p>\n\n<p><strong>Wycena nieruchomo\u015bci Kruszwica<\/strong><\/p>\n\n<p><strong>Wycena nieruchomo\u015bci Ciechocinek<\/strong><\/p>\n\n<p><strong>Wycena nieruchomo\u015bci Ko\u0142o<\/strong><\/p>\n\n<p><strong>Wycena nieruchomo\u015bci Konin<\/strong><\/p>\n\n<p><strong>Wycena nieruchomo\u015bci Brze\u015b\u0107 Kujawski<\/strong><\/p>\n\n<p>\u00a0<\/p>\n\t\t\t\t\t\t\t\t<\/div>\n\t\t\t\t<\/div>\n\t\t\t\t<\/div>\n\t\t<div class=\"elementor-element elementor-element-3a928ee e-flex e-con-boxed e-con e-parent\" data-id=\"3a928ee\" data-element_type=\"container\">\n\t\t\t\t\t<div class=\"e-con-inner\">\n\t\t\t\t<div class=\"elementor-element elementor-element-5c5abf9 elementor-widget elementor-widget-heading\" data-id=\"5c5abf9\" data-element_type=\"widget\" data-widget_type=\"heading.default\">\n\t\t\t\t<div class=\"elementor-widget-container\">\n\t\t\t\t\t<h2 class=\"elementor-heading-title elementor-size-default\">Zg\u0142o\u015b wycen\u0119<\/h2>\t\t\t\t<\/div>\n\t\t\t\t<\/div>\n\t\t\t\t\t<\/div>\n\t\t\t\t<\/div>\n\t\t<div class=\"elementor-element elementor-element-ced65c7 e-flex e-con-boxed e-con e-parent\" data-id=\"ced65c7\" data-element_type=\"container\">\n\t\t\t\t\t<div class=\"e-con-inner\">\n\t\t\t\t<div class=\"elementor-element elementor-element-006794a elementor-widget elementor-widget-wpforms\" data-id=\"006794a\" data-element_type=\"widget\" data-widget_type=\"wpforms.default\">\n\t\t\t\t<div class=\"elementor-widget-container\">\n\t\t\t\t\t<div class=\"wpforms-container wpforms-container-full wpforms-render-modern\" id=\"wpforms-189\"><form id=\"wpforms-form-189\" class=\"wpforms-validate wpforms-form wpforms-ajax-form\" data-formid=\"189\" method=\"post\" enctype=\"multipart\/form-data\" action=\"\/index.php\/wp-json\/wp\/v2\/pages\/17\" data-token=\"54e0bc45f4a9405855f79bfeceb65511\" data-token-time=\"1776646025\"><noscript class=\"wpforms-error-noscript\">Aby wype\u0142ni\u0107 ten formularz, w\u0142\u0105cz obs\u0142ug\u0119 JavaScript w przegl\u0105darce.<\/noscript><div id=\"wpforms-error-noscript\" style=\"display: none;\">Aby wype\u0142ni\u0107 ten formularz, w\u0142\u0105cz obs\u0142ug\u0119 JavaScript w przegl\u0105darce.<\/div><div class=\"wpforms-field-container\">\t\t<div id=\"wpforms-189-field_4-container\"\n\t\t\tclass=\"wpforms-field wpforms-field-text\"\n\t\t\tdata-field-type=\"text\"\n\t\t\tdata-field-id=\"4\"\n\t\t\t>\n\t\t\t<label class=\"wpforms-field-label\" for=\"wpforms-189-field_4\" >lub e-mail Komentarz<\/label>\n\t\t\t<input type=\"text\" id=\"wpforms-189-field_4\" class=\"wpforms-field-medium\" name=\"wpforms[fields][4]\" >\n\t\t<\/div>\n\t\t<div id=\"wpforms-189-field_1-container\" class=\"wpforms-field wpforms-field-name\" data-field-id=\"1\"><fieldset><legend class=\"wpforms-field-label\">Imi\u0119 i nazwisko <span class=\"wpforms-required-label\" aria-hidden=\"true\">*<\/span><\/legend><div class=\"wpforms-field-row wpforms-field-medium\"><div class=\"wpforms-field-row-block wpforms-first wpforms-one-half\"><input type=\"text\" id=\"wpforms-189-field_1\" class=\"wpforms-field-name-first wpforms-field-required\" name=\"wpforms[fields][1][first]\" aria-errormessage=\"wpforms-189-field_1-error\" required><label for=\"wpforms-189-field_1\" class=\"wpforms-field-sublabel after\">Pierwszy<\/label><\/div><div class=\"wpforms-field-row-block wpforms-one-half\"><input type=\"text\" id=\"wpforms-189-field_1-last\" class=\"wpforms-field-name-last wpforms-field-required\" name=\"wpforms[fields][1][last]\" aria-errormessage=\"wpforms-189-field_1-last-error\" required><label for=\"wpforms-189-field_1-last\" class=\"wpforms-field-sublabel after\">Ostatni<\/label><\/div><\/div><\/fieldset><\/div><div id=\"wpforms-189-field_2-container\" class=\"wpforms-field wpforms-field-email\" data-field-id=\"2\"><label class=\"wpforms-field-label\" for=\"wpforms-189-field_2\">Adres e-mail <span class=\"wpforms-required-label\" aria-hidden=\"true\">*<\/span><\/label><input type=\"email\" id=\"wpforms-189-field_2\" class=\"wpforms-field-medium wpforms-field-required\" name=\"wpforms[fields][2]\" spellcheck=\"false\" aria-errormessage=\"wpforms-189-field_2-error\" required><\/div><div id=\"wpforms-189-field_3-container\" class=\"wpforms-field wpforms-field-textarea\" data-field-id=\"3\"><label class=\"wpforms-field-label\" for=\"wpforms-189-field_3\">Komentarz lub wiadomo\u015b\u0107<\/label><textarea id=\"wpforms-189-field_3\" class=\"wpforms-field-medium\" name=\"wpforms[fields][3]\" aria-errormessage=\"wpforms-189-field_3-error\" ><\/textarea><\/div><div id=\"wpforms-189-field_5-container\" class=\"wpforms-field wpforms-field-checkbox\" data-field-id=\"5\"><fieldset><legend class=\"wpforms-field-label wpforms-label-hide\" aria-hidden=\"false\"> <span class=\"wpforms-required-label\" aria-hidden=\"true\">*<\/span><\/legend><ul id=\"wpforms-189-field_5\" class=\"wpforms-field-required\"><li class=\"choice-1 depth-1\"><input type=\"checkbox\" id=\"wpforms-189-field_5_1\" name=\"wpforms[fields][5][]\" value=\"1\" aria-errormessage=\"wpforms-189-field_5_1-error\" aria-describedby=\"wpforms-189-field_5-description\" required ><label class=\"wpforms-field-label-inline\" for=\"wpforms-189-field_5_1\">1<\/label><\/li><\/ul><div id=\"wpforms-189-field_5-description\" class=\"wpforms-field-description\">Wyra\u017cam zgod\u0119 na u\u017cywanie przez Daniela Adamczyka prowadz\u0105cego dzia\u0142alno\u015b\u0107 gospodarcz\u0105 pod nazw\u0105 Glob Nieruchomo\u015bci Daniel Adamczyk z siedzib\u0105:  Che\u0142mce 55A, 88-121 Che\u0142mce,  telekomunikacyjnych urz\u0105dze\u0144 ko\u0144cowych, kt\u00f3rych jestem u\u017cytkownikiem, dla cel\u00f3w realizacji zg\u0142oszenia zgodnie z art. 172 ustawy z dnia 16 lipca 2004 r. Prawo telekomunikacyjne (Dz.U. 2004 nr 171 poz. 1800).<\/div><\/fieldset><\/div><div id=\"wpforms-189-field_6-container\" class=\"wpforms-field wpforms-field-checkbox\" data-field-id=\"6\"><fieldset><legend class=\"wpforms-field-label wpforms-label-hide\" aria-hidden=\"false\"> <span class=\"wpforms-required-label\" aria-hidden=\"true\">*<\/span><\/legend><ul id=\"wpforms-189-field_6\" class=\"wpforms-field-required\"><li class=\"choice-1 depth-1\"><input type=\"checkbox\" id=\"wpforms-189-field_6_1\" name=\"wpforms[fields][6][]\" value=\"2\" aria-errormessage=\"wpforms-189-field_6_1-error\" aria-describedby=\"wpforms-189-field_6-description\" required ><label class=\"wpforms-field-label-inline\" for=\"wpforms-189-field_6_1\">2<\/label><\/li><\/ul><div id=\"wpforms-189-field_6-description\" class=\"wpforms-field-description\">Dane osobowe podane w formularzu b\u0119d\u0105 przetwarzane w celu obs\u0142ugi Twojego zapytania. Podanie danych jest dobrowolne, ale niezb\u0119dne do przetworzenia zapytania. O\u015bwiadczam, i\u017c zapozna\u0142em\/zapozna\u0142am si\u0119 z pouczeniem, \u017ce przys\u0142uguje mi prawo dost\u0119pu do swoich danych, mo\u017cliwo\u015bci ich poprawiania oraz \u017c\u0105dania zaprzestania ich przetwarzania.<\/div><\/fieldset><\/div><div id=\"wpforms-189-field_7-container\" class=\"wpforms-field wpforms-field-checkbox\" data-field-id=\"7\"><fieldset><legend class=\"wpforms-field-label wpforms-label-hide\" aria-hidden=\"false\"> <span class=\"wpforms-required-label\" aria-hidden=\"true\">*<\/span><\/legend><ul id=\"wpforms-189-field_7\" class=\"wpforms-field-required\"><li class=\"choice-1 depth-1\"><input type=\"checkbox\" id=\"wpforms-189-field_7_1\" name=\"wpforms[fields][7][]\" value=\"3\" aria-errormessage=\"wpforms-189-field_7_1-error\" aria-describedby=\"wpforms-189-field_7-description\" required ><label class=\"wpforms-field-label-inline\" for=\"wpforms-189-field_7_1\">3<\/label><\/li><\/ul><div id=\"wpforms-189-field_7-description\" class=\"wpforms-field-description\">Administratorem Twoich danych b\u0119dzie Daniel Adamczyk prowadz\u0105cy dzia\u0142alno\u015b\u0107 gospodarcz\u0105 pod nazw\u0105 Glob Nieruchomo\u015bci Daniel Adamczyk\r\nz siedzib\u0105 w Che\u0142mce 55A, 88-121 Che\u0142mce.\r\nPotwierdzam, i\u017c zapozna\u0142em\/am si\u0119 Polityk\u0105 Prywatno\u015bci<\/div><\/fieldset><\/div><script>\n\t\t\t\t( function() {\n\t\t\t\t\tconst style = document.createElement( 'style' );\n\t\t\t\t\tstyle.appendChild( document.createTextNode( '#wpforms-189-field_4-container { position: absolute !important; overflow: hidden !important; display: inline !important; height: 1px !important; width: 1px !important; z-index: -1000 !important; padding: 0 !important; } #wpforms-189-field_4-container input { visibility: hidden; } #wpforms-conversational-form-page #wpforms-189-field_4-container label { counter-increment: none; }' ) );\n\t\t\t\t\tdocument.head.appendChild( style );\n\t\t\t\t\tdocument.currentScript?.remove();\n\t\t\t\t} )();\n\t\t\t<\/script><\/div><!-- .wpforms-field-container --><div class=\"wpforms-submit-container\" ><input type=\"hidden\" name=\"wpforms[id]\" value=\"189\"><input type=\"hidden\" name=\"page_title\" value=\"\"><input type=\"hidden\" name=\"page_url\" value=\"https:\/\/adamczyk-wycena.pl\/index.php\/wp-json\/wp\/v2\/pages\/17\"><input type=\"hidden\" name=\"url_referer\" value=\"\"><button type=\"submit\" name=\"wpforms[submit]\" id=\"wpforms-submit-189\" class=\"wpforms-submit\" data-alt-text=\"Wysy\u0142anie...\" data-submit-text=\"Prze\u015blij\" aria-live=\"assertive\" value=\"wpforms-submit\">Prze\u015blij<\/button><img decoding=\"async\" src=\"https:\/\/adamczyk-wycena.pl\/wp-content\/plugins\/wpforms-lite\/assets\/images\/submit-spin.svg\" class=\"wpforms-submit-spinner\" style=\"display: none;\" width=\"26\" height=\"26\" alt=\"Wczytywanie\"><\/div><\/form><\/div>  <!-- .wpforms-container -->\t\t\t\t<\/div>\n\t\t\t\t<\/div>\n\t\t\t\t\t<\/div>\n\t\t\t\t<\/div>\n\t\t\t\t<\/div>\n\t\t","protected":false},"excerpt":{"rendered":"<p>Jako rzeczoznawca maj\u0105tkowy \u015bwiadcz\u0119 us\u0142ugi w zakresie wyceny nieruchomo\u015bci oraz ruchomo\u015bci (czyli maszyn i urz\u0105dze\u0144) na terenie Inowroc\u0142awia i okolic (Kruszwica, Janikowo, D\u0105browa Biskupia, Gniewkowo, Pako\u015b\u0107), jak r\u00f3wnie\u017c na terenie powiat\u00f3w: radziejowskiego i mogile\u0144skiego tj. (Radziej\u00f3w, Piotrk\u00f3w Kujawski, Osi\u0119ciny, Mogilno, Strzelno i okolice)\u00a0 w\u0142oc\u0142awskiego, aleksandrowskiego tj. (W\u0142oc\u0142awek, Brze\u015b\u0107 Kujawski, Ciechocinek, Aleksandr\u00f3w Kujawski, Top\u00f3lka, Izbica Kujawska) &hellip; <\/p>\n<p class=\"link-more\"><a href=\"https:\/\/adamczyk-wycena.pl\/\" class=\"more-link\">Czytaj dalej<span class=\"screen-reader-text\"> \u201eStrona g\u0142\u00f3wna\u201d<\/span><\/a><\/p>\n","protected":false},"author":1,"featured_media":0,"parent":0,"menu_order":0,"comment_status":"closed","ping_status":"closed","template":"","meta":{"_monsterinsights_skip_tracking":false,"_monsterinsights_sitenote_active":false,"_monsterinsights_sitenote_note":"","_monsterinsights_sitenote_category":0,"footnotes":""},"class_list":["post-17","page","type-page","status-publish","hentry"],"aioseo_notices":[],"_links":{"self":[{"href":"https:\/\/adamczyk-wycena.pl\/index.php\/wp-json\/wp\/v2\/pages\/17","targetHints":{"allow":["GET"]}}],"collection":[{"href":"https:\/\/adamczyk-wycena.pl\/index.php\/wp-json\/wp\/v2\/pages"}],"about":[{"href":"https:\/\/adamczyk-wycena.pl\/index.php\/wp-json\/wp\/v2\/types\/page"}],"author":[{"embeddable":true,"href":"https:\/\/adamczyk-wycena.pl\/index.php\/wp-json\/wp\/v2\/users\/1"}],"replies":[{"embeddable":true,"href":"https:\/\/adamczyk-wycena.pl\/index.php\/wp-json\/wp\/v2\/comments?post=17"}],"version-history":[{"count":29,"href":"https:\/\/adamczyk-wycena.pl\/index.php\/wp-json\/wp\/v2\/pages\/17\/revisions"}],"predecessor-version":[{"id":236,"href":"https:\/\/adamczyk-wycena.pl\/index.php\/wp-json\/wp\/v2\/pages\/17\/revisions\/236"}],"wp:attachment":[{"href":"https:\/\/adamczyk-wycena.pl\/index.php\/wp-json\/wp\/v2\/media?parent=17"}],"curies":[{"name":"wp","href":"https:\/\/api.w.org\/{rel}","templated":true}]}}