{"id":117,"date":"2024-09-07T06:32:44","date_gmt":"2024-09-07T06:32:44","guid":{"rendered":"https:\/\/adamczyk-wycena.pl\/?page_id=117"},"modified":"2024-09-09T16:09:23","modified_gmt":"2024-09-09T16:09:23","slug":"dokumenty-do-wyceny","status":"publish","type":"page","link":"https:\/\/adamczyk-wycena.pl\/index.php\/dokumenty-do-wyceny\/","title":{"rendered":"Dokumenty do wyceny"},"content":{"rendered":"\t\t<div data-elementor-type=\"wp-page\" data-elementor-id=\"117\" class=\"elementor elementor-117\">\n\t\t\t\t<div class=\"elementor-element elementor-element-152a4170 e-flex e-con-boxed e-con e-parent\" data-id=\"152a4170\" data-element_type=\"container\">\n\t\t\t\t\t<div class=\"e-con-inner\">\n\t\t\t\t<div class=\"elementor-element elementor-element-17506d14 elementor-widget elementor-widget-text-editor\" data-id=\"17506d14\" data-element_type=\"widget\" data-widget_type=\"text-editor.default\">\n\t\t\t\t<div class=\"elementor-widget-container\">\n\t\t\t\t\t\t\t\t\t\n<figure class=\"wp-block-image size-full\"><img fetchpriority=\"high\" decoding=\"async\" width=\"713\" height=\"468\" src=\"https:\/\/adamczyk-wycena.pl\/wp-content\/uploads\/2024\/09\/dok-1.png\" alt=\"\" class=\"wp-image-125\" srcset=\"https:\/\/adamczyk-wycena.pl\/wp-content\/uploads\/2024\/09\/dok-1.png 713w, https:\/\/adamczyk-wycena.pl\/wp-content\/uploads\/2024\/09\/dok-1-300x197.png 300w\" sizes=\"(max-width: 713px) 100vw, 713px\" \/><\/figure>\n\n\n\n<p><strong>Przydatne strony internetowe:<\/strong><\/p>\n\n\n\n<ul class=\"wp-block-list\">\n<li>Elektroniczna baza ksi\u0105g wieczystych<br>\u00a0 \u00a0 \u00a0\u00a0 <a href=\"https:\/\/ekw.ms.gov.pl\/eukw_ogol\/menu.do\" target=\"_blank\" rel=\"noopener\">https:\/\/ekw.ms.gov.pl\/eukw_ogol\/menu.do<\/a>\n<ul class=\"wp-block-list\">\n<li>Portal geodezyjny &#8211; GEOPORTAL<br>&nbsp;&nbsp; &nbsp; &nbsp; <a href=\"http:\/\/www.geoportal.gov.pl\/\" target=\"_blank\" rel=\"noreferrer noopener\">http:\/\/www.geoportal.gov.pl\/<\/a><\/li>\n\n\n\n<li>Polska Federacja Stowarzysze\u0144 Rzeczoznawc\u00f3w Maj\u0105tkowych<br>&nbsp; &nbsp; &nbsp;&nbsp; <a href=\"http:\/\/pfsrm.pl\/\" target=\"_blank\" rel=\"noreferrer noopener\">http:\/\/pfsrm.pl\/<\/a><\/li>\n\n\n\n<li>Lista Bieg\u0142ych S\u0105dowych przy S\u0105dzie Okr\u0119gowym we W\u0142oc\u0142awku<br>&nbsp; &nbsp; &nbsp;&nbsp; <a href=\"https:\/\/wloclawek.so.gov.pl\/biegli-sadowi,m,mg,3,24\" target=\"_blank\" rel=\"noopener\">https:\/\/wloclawek.so.gov.pl\/biegli-sadowi,m,mg,3,24<\/a><\/li>\n<\/ul>\n<\/li>\n\n\n\n<li>Lista Bieg\u0142ych S\u0105dowych przy S\u0105dzie Okr\u0119gowym w Bydgoszczy<br>&nbsp; &nbsp; &nbsp;&nbsp; <a href=\"https:\/\/bydgoszcz.so.gov.pl\/artykul\/62\/159\/biegli-sadowi\" target=\"_blank\" rel=\"noopener\">https:\/\/bydgoszcz.so.gov.pl\/artykul\/62\/159\/biegli-sadowi<\/a><\/li>\n<\/ul>\n\n\n\n<p><\/p>\n\t\t\t\t\t\t\t\t<\/div>\n\t\t\t\t<\/div>\n\t\t\t\t\t<\/div>\n\t\t\t\t<\/div>\n\t\t\t\t<\/div>\n\t\t","protected":false},"excerpt":{"rendered":"<p>Przydatne strony internetowe:<\/p>\n","protected":false},"author":1,"featured_media":0,"parent":0,"menu_order":0,"comment_status":"closed","ping_status":"closed","template":"","meta":{"_monsterinsights_skip_tracking":false,"_monsterinsights_sitenote_active":false,"_monsterinsights_sitenote_note":"","_monsterinsights_sitenote_category":0,"footnotes":""},"class_list":["post-117","page","type-page","status-publish","hentry"],"aioseo_notices":[],"_links":{"self":[{"href":"https:\/\/adamczyk-wycena.pl\/index.php\/wp-json\/wp\/v2\/pages\/117","targetHints":{"allow":["GET"]}}],"collection":[{"href":"https:\/\/adamczyk-wycena.pl\/index.php\/wp-json\/wp\/v2\/pages"}],"about":[{"href":"https:\/\/adamczyk-wycena.pl\/index.php\/wp-json\/wp\/v2\/types\/page"}],"author":[{"embeddable":true,"href":"https:\/\/adamczyk-wycena.pl\/index.php\/wp-json\/wp\/v2\/users\/1"}],"replies":[{"embeddable":true,"href":"https:\/\/adamczyk-wycena.pl\/index.php\/wp-json\/wp\/v2\/comments?post=117"}],"version-history":[{"count":7,"href":"https:\/\/adamczyk-wycena.pl\/index.php\/wp-json\/wp\/v2\/pages\/117\/revisions"}],"predecessor-version":[{"id":244,"href":"https:\/\/adamczyk-wycena.pl\/index.php\/wp-json\/wp\/v2\/pages\/117\/revisions\/244"}],"wp:attachment":[{"href":"https:\/\/adamczyk-wycena.pl\/index.php\/wp-json\/wp\/v2\/media?parent=117"}],"curies":[{"name":"wp","href":"https:\/\/api.w.org\/{rel}","templated":true}]}}