{"id":112,"date":"2024-09-07T06:04:52","date_gmt":"2024-09-07T06:04:52","guid":{"rendered":"https:\/\/adamczyk-wycena.pl\/?page_id=112"},"modified":"2024-09-09T16:07:25","modified_gmt":"2024-09-09T16:07:25","slug":"oferta-rzeczoznawca-majatkowy","status":"publish","type":"page","link":"https:\/\/adamczyk-wycena.pl\/index.php\/oferta-rzeczoznawca-majatkowy\/","title":{"rendered":"Oferta &#8211; Rzeczoznawca maj\u0105tkowy"},"content":{"rendered":"\t\t<div data-elementor-type=\"wp-page\" data-elementor-id=\"112\" class=\"elementor elementor-112\">\n\t\t\t\t<div class=\"elementor-element elementor-element-53e3f4 e-flex e-con-boxed e-con e-parent\" data-id=\"53e3f4\" data-element_type=\"container\">\n\t\t\t\t\t<div class=\"e-con-inner\">\n\t\t\t\t<div class=\"elementor-element elementor-element-6c375b9c elementor-widget__width-initial elementor-widget elementor-widget-text-editor\" data-id=\"6c375b9c\" data-element_type=\"widget\" data-widget_type=\"text-editor.default\">\n\t\t\t\t<div class=\"elementor-widget-container\">\n\t\t\t\t\t\t\t\t\t\n<p><strong>Wycena nieruchomo\u015bci obejmuje<\/strong><\/p>\n\n<ul class=\"wp-block-list\">\n<li>kupno\/sprzeda\u017c<\/li>\n\n<li>zabezpieczenie wierzytelno\u015bci bankowej<\/li>\n\n<li>przekszta\u0142cenie praw sp\u00f3\u0142dzielczych na w\u0142asno\u015bciowe<\/li>\n\n<li>naliczenie op\u0142aty planistycznej<\/li>\n\n<li>naliczenie op\u0142aty adiacenckiej<\/li>\n\n<li>wniesienie aportu do sp\u00f3\u0142ki<\/li>\n\n<li>sprawy spadkowe<\/li>\n\n<li>podzia\u0142y maj\u0105tku<\/li>\n\n<li>odszkodowania z tytu\u0142u wyw\u0142aszcze\u0144<\/li>\n\n<li>aktualizacja op\u0142at rocznych z tytu\u0142u u\u017cytkowania wieczystego<\/li>\n\n<li>przekszta\u0142cenia prawa u\u017cytkowania wieczystego na prawo w\u0142asno\u015bci<\/li>\n\n<li>sporz\u0105dzanie analiz rynku nieruchomo\u015bci<\/li>\n<\/ul>\n\n<p>\u00a0<\/p>\n\n<p><strong>Kim jest rzeczoznawca maj\u0105tkowy?<\/strong><\/p>\n\n<p style=\"text-align: justify;\"><strong>Rzeczoznawca maj\u0105tkowy <\/strong><em>to osoba, kt\u00f3ra zajmuje si\u0119 okre\u015blaniem warto\u015bci nieruchomo\u015bci. Tytu\u0142 &#8222;rzeczoznawca maj\u0105tkowy&#8221; podlega ochronie prawnej. Dost\u0119p do wykonywania tego zawodu regulowany jest przepisami prawa. Aby m\u00f3c wycenia\u0107 nieruchomo\u015bci trzeba najpierw uzyska\u0107 specjalne uprawnienia nadawane przez Ministra Rozwoju\u00a0i Technologii. Dzia\u0142alno\u015b\u0107 w zakresie wyceny nieruchomo\u015bci przez osoby nieb\u0119d\u0105ce rzeczoznawcami maj\u0105tkowymi jest zakazana i grozi za to kara grzywny w wysoko\u015bci do 50 tys. z\u0142.<\/em><\/p>\n\n<p style=\"text-align: justify;\">Wszyscy rzeczoznawcy maj\u0105tkowi s\u0105 wpisani do <a href=\"https:\/\/rejestresrm.mrit.gov.pl\/\" target=\"_blank\" rel=\"noopener\">Centralnego Rejestru Rzeczoznawc\u00f3w Maj\u0105tkowych<\/a>, prowadzonego przez Ministra Rozwoju\u00a0i Technologii. Jest to rejestr publicznie dost\u0119pny. Mo\u017cesz w nim sprawdzi\u0107, czy dana osoba pos\u0142uguj\u0105ca si\u0119 tytu\u0142em zawodowym &#8222;rzeczoznawca maj\u0105tkowy&#8221;, rzeczywi\u015bcie posiada uprawnienia do szacowania nieruchomo\u015bci.<\/p>\n\n<p style=\"text-align: justify;\">Rzeczoznawca maj\u0105tkowy mo\u017ce r\u00f3wnie\u017c sporz\u0105dza\u0107 opracowania i ekspertyzy. Opracowania i ekspertyzy mog\u0105 dotyczy\u0107:<\/p>\n\n<ul class=\"wp-block-list\">\n<li>rynku nieruchomo\u015bci oraz doradztwa w zakresie tego rynku,<\/li>\n\n<li>efektywno\u015bci inwestowania w nieruchomo\u015bci i ich rozwoju,<\/li>\n\n<li>skutk\u00f3w finansowych uchwalania lub zmiany plan\u00f3w miejscowych,<\/li>\n\n<li>oznaczania przedmiotu odr\u0119bnej w\u0142asno\u015bci lokali,bankowo-hipotecznej warto\u015bci nieruchomo\u015bci,<\/li>\n\n<li>okre\u015blania warto\u015bci nieruchomo\u015bci na potrzeby indywidualnego inwestora,<\/li>\n\n<li>wyceny nieruchomo\u015bci zaliczanych do inwestycji w rozumieniu przepis\u00f3w o rachunkowo\u015bci,<\/li>\n\n<li>wyceny nieruchomo\u015bci jako \u015brodk\u00f3w trwa\u0142ych jednostek w rozumieniu ustawy o rachunkowo\u015bci<\/li>\n<\/ul>\n\n<p>\u00a0<\/p>\n\t\t\t\t\t\t\t\t<\/div>\n\t\t\t\t<\/div>\n\t\t\t\t\t<\/div>\n\t\t\t\t<\/div>\n\t\t\t\t<\/div>\n\t\t","protected":false},"excerpt":{"rendered":"<p>Wycena nieruchomo\u015bci obejmuje \u00a0 Kim jest rzeczoznawca maj\u0105tkowy? Rzeczoznawca maj\u0105tkowy to osoba, kt\u00f3ra zajmuje si\u0119 okre\u015blaniem warto\u015bci nieruchomo\u015bci. Tytu\u0142 &#8222;rzeczoznawca maj\u0105tkowy&#8221; podlega ochronie prawnej. Dost\u0119p do wykonywania tego zawodu regulowany jest przepisami prawa. Aby m\u00f3c wycenia\u0107 nieruchomo\u015bci trzeba najpierw uzyska\u0107 specjalne uprawnienia nadawane przez Ministra Rozwoju\u00a0i Technologii. Dzia\u0142alno\u015b\u0107 w zakresie wyceny nieruchomo\u015bci przez osoby nieb\u0119d\u0105ce &hellip; <\/p>\n<p class=\"link-more\"><a href=\"https:\/\/adamczyk-wycena.pl\/index.php\/oferta-rzeczoznawca-majatkowy\/\" class=\"more-link\">Czytaj dalej<span class=\"screen-reader-text\"> \u201eOferta &#8211; Rzeczoznawca maj\u0105tkowy\u201d<\/span><\/a><\/p>\n","protected":false},"author":1,"featured_media":0,"parent":0,"menu_order":0,"comment_status":"closed","ping_status":"closed","template":"","meta":{"_monsterinsights_skip_tracking":false,"_monsterinsights_sitenote_active":false,"_monsterinsights_sitenote_note":"","_monsterinsights_sitenote_category":0,"footnotes":""},"class_list":["post-112","page","type-page","status-publish","hentry"],"aioseo_notices":[],"_links":{"self":[{"href":"https:\/\/adamczyk-wycena.pl\/index.php\/wp-json\/wp\/v2\/pages\/112","targetHints":{"allow":["GET"]}}],"collection":[{"href":"https:\/\/adamczyk-wycena.pl\/index.php\/wp-json\/wp\/v2\/pages"}],"about":[{"href":"https:\/\/adamczyk-wycena.pl\/index.php\/wp-json\/wp\/v2\/types\/page"}],"author":[{"embeddable":true,"href":"https:\/\/adamczyk-wycena.pl\/index.php\/wp-json\/wp\/v2\/users\/1"}],"replies":[{"embeddable":true,"href":"https:\/\/adamczyk-wycena.pl\/index.php\/wp-json\/wp\/v2\/comments?post=112"}],"version-history":[{"count":10,"href":"https:\/\/adamczyk-wycena.pl\/index.php\/wp-json\/wp\/v2\/pages\/112\/revisions"}],"predecessor-version":[{"id":241,"href":"https:\/\/adamczyk-wycena.pl\/index.php\/wp-json\/wp\/v2\/pages\/112\/revisions\/241"}],"wp:attachment":[{"href":"https:\/\/adamczyk-wycena.pl\/index.php\/wp-json\/wp\/v2\/media?parent=112"}],"curies":[{"name":"wp","href":"https:\/\/api.w.org\/{rel}","templated":true}]}}